{"id":3669,"date":"2020-06-25T19:00:01","date_gmt":"2020-06-25T19:00:01","guid":{"rendered":"https:\/\/fundacioncrea.com.ar\/?page_id=3669"},"modified":"2021-04-18T16:04:33","modified_gmt":"2021-04-18T16:04:33","slug":"casas-de-mujeres","status":"publish","type":"page","link":"https:\/\/fundacioncrea.com.ar\/bienvenido\/casas-de-mujeres\/","title":{"rendered":"CASAS DE RESTAURACI\u00d3N MUJERES"},"content":{"rendered":"<div class=\"wpb-content-wrapper\"><p>[vc_row][vc_column][vc_single_image image=\u00bb3824&#8243; img_size=\u00bblarge\u00bb][\/vc_column][\/vc_row][vc_row][vc_column][vc_empty_space height=\u00bb52px\u00bb][vc_column_text]<span style=\"font-weight: 400;\">Casa de restauraci\u00f3n de adicciones que albergar\u00e1 24\/7, <span style=\"color: #ff6600;\"><strong>mujeres\/con hijos\/embarazadas<\/strong><\/span>. Teniendo como objetivo la internaci\u00f3n de mujeres j\u00f3venes y adultas, as\u00ed como mam\u00e1s que est\u00e9n atravesando la problem\u00e1tica de adicciones y no tienen espacio para internarse con sus hijos, factor que se torna como una dificultad para la realizaci\u00f3n del mismo, dando una respuesta a esta demanda tan compleja. <\/span>[\/vc_column_text][vc_empty_space height=\u00bb52px\u00bb][vc_single_image image=\u00bb3900&#8243; img_size=\u00bbmedium\u00bb alignment=\u00bbcenter\u00bb style=\u00bbvc_box_shadow_3d\u00bb onclick=\u00bbcustom_link\u00bb css_animation=\u00bbbounceInLeft\u00bb link=\u00bb https:\/\/fundacioncrea.com.ar\/bienvenido\/admision-3\/\u00bb][vc_empty_space height=\u00bb52px\u00bb][vc_video link=\u00bbhttps:\/\/youtu.be\/O9c7LdDYh1Y\u00bb align=\u00bbcenter\u00bb][\/vc_column][\/vc_row][vc_row][vc_column][vc_empty_space height=\u00bb52px\u00bb][vc_empty_space][\/vc_column][\/vc_row][vc_row][vc_column][\/vc_column][\/vc_row]<\/p>\n<\/div>","protected":false},"excerpt":{"rendered":"<p>[vc_row][vc_column][vc_single_image image=\u00bb3824&#8243; img_size=\u00bblarge\u00bb][\/vc_column][\/vc_row][vc_row][vc_column][vc_empty_space height=\u00bb52px\u00bb][vc_column_text]Casa de restauraci\u00f3n de adicciones que albergar\u00e1 24\/7, mujeres\/con hijos\/embarazadas. Teniendo como objetivo la internaci\u00f3n de mujeres j\u00f3venes y adultas, as\u00ed como mam\u00e1s que est\u00e9n atravesando la problem\u00e1tica de adicciones y no tienen espacio para internarse con sus hijos, factor que se torna como una dificultad para la realizaci\u00f3n del mismo, dando&hellip;<\/p>\n","protected":false},"author":2,"featured_media":3671,"parent":0,"menu_order":0,"comment_status":"closed","ping_status":"closed","template":"","meta":{"give_campaign_id":0,"_monsterinsights_skip_tracking":false,"_monsterinsights_sitenote_active":false,"_monsterinsights_sitenote_note":"","_monsterinsights_sitenote_category":0,"footnotes":""},"class_list":["post-3669","page","type-page","status-publish","has-post-thumbnail","hentry","description-off"],"campaignId":"","_links":{"self":[{"href":"https:\/\/fundacioncrea.com.ar\/bienvenido\/wp-json\/wp\/v2\/pages\/3669","targetHints":{"allow":["GET"]}}],"collection":[{"href":"https:\/\/fundacioncrea.com.ar\/bienvenido\/wp-json\/wp\/v2\/pages"}],"about":[{"href":"https:\/\/fundacioncrea.com.ar\/bienvenido\/wp-json\/wp\/v2\/types\/page"}],"author":[{"embeddable":true,"href":"https:\/\/fundacioncrea.com.ar\/bienvenido\/wp-json\/wp\/v2\/users\/2"}],"replies":[{"embeddable":true,"href":"https:\/\/fundacioncrea.com.ar\/bienvenido\/wp-json\/wp\/v2\/comments?post=3669"}],"version-history":[{"count":5,"href":"https:\/\/fundacioncrea.com.ar\/bienvenido\/wp-json\/wp\/v2\/pages\/3669\/revisions"}],"predecessor-version":[{"id":5014,"href":"https:\/\/fundacioncrea.com.ar\/bienvenido\/wp-json\/wp\/v2\/pages\/3669\/revisions\/5014"}],"wp:featuredmedia":[{"embeddable":true,"href":"https:\/\/fundacioncrea.com.ar\/bienvenido\/wp-json\/wp\/v2\/media\/3671"}],"wp:attachment":[{"href":"https:\/\/fundacioncrea.com.ar\/bienvenido\/wp-json\/wp\/v2\/media?parent=3669"}],"curies":[{"name":"wp","href":"https:\/\/api.w.org\/{rel}","templated":true}]}}