{"id":2955,"date":"2019-01-26T22:24:11","date_gmt":"2019-01-26T22:24:11","guid":{"rendered":"https:\/\/fundacioncrea.com.ar\/demo\/?page_id=5"},"modified":"2021-07-06T21:00:59","modified_gmt":"2021-07-06T21:00:59","slug":"quienes-somos","status":"publish","type":"page","link":"https:\/\/fundacioncrea.com.ar\/bienvenido\/quienes-somos\/","title":{"rendered":"Quienes Somos"},"content":{"rendered":"<div class=\"wpb-content-wrapper\"><p>[vc_row][vc_column width=\u00bb2\/3&#8243;][vc_column_text css_animation=\u00bbbounceInLeft\u00bb el_class=\u00bbp { text-align : justify; }\u00bb]Somos una <span style=\"color: #ff0000;\"><b>Fundaci\u00f3n ben\u00e9fica sin fines de lucro<\/b><\/span>. Nuestra <span style=\"color: #ff6600;\"><b>familia-hogar<\/b><\/span> alberga ni\u00f1as, adolescentes y adultos que se encuentran en proceso de restauraci\u00f3n de adicciones o est\u00e1n transitando una situaci\u00f3n judicial. Nuestra misi\u00f3n es ayudarlos en su <span style=\"color: #ff6600;\"><b>restauraci\u00f3n integral<\/b><\/span>.<\/p>\n<p>En la <span style=\"color: #ff0000;\"><b>casa de ni\u00f1as<\/b><\/span> buscamos amparar y proteger a peque\u00f1as en situaci\u00f3n de vulnerabilidad, v\u00edctimas de maltrato, violencia y abusos, producto de una sociedad fragmentada en la que existe desprotecci\u00f3n de la ni\u00f1ez. Es un lugar temporal para las menores que est\u00e1n en estado judicial o en proceso de adopci\u00f3n, mientras se resuelve su destino.<\/p>\n<p><span style=\"font-weight: 400;\">En el <span style=\"color: #ff6600;\"><b>\u00c1rea de Adicciones<\/b><\/span>, abordamos la tarea desde un <span style=\"color: #ff6600;\"><b>enfoque interdisciplinario<\/b><\/span>, de <span style=\"color: #ff6600;\"><b>forma integral<\/b><\/span>, bajo el modelo de <span style=\"color: #ff0000;\"><b>Comunidad Terap\u00e9utica<\/b><\/span>. Tenemos en cuenta la complejidad de la tem\u00e1tica y los m\u00faltiples factores de intervenci\u00f3n. Hacemos foco en el individuo y sus cuatro \u00e1reas: biol\u00f3gica, psicol\u00f3gica, social y espiritual.<br \/>\n<\/span>[\/vc_column_text][vc_column_text css_animation=\u00bbbounceInLeft\u00bb el_class=\u00bbp { text-align : justify; }\u00bb]Creemos que la <span style=\"color: #ff0000;\"><b>familia <\/b><\/span>es el dise\u00f1o original de Dios para nacer, crecer, desarrollar identidad, vivir, sentirse amado, tener un lugar de pertenencia, sentirse valorado, conocer las capacidades, desarrollar y trabajar el car\u00e1cter. Es el lugar donde aprendemos a relacionarnos.<\/p>\n<p>Creemos que alcanzar al <span style=\"color: #ff6600;\"><b>hu\u00e9rfano<\/b><\/span>, al que est\u00e1 <span style=\"color: #ff6600;\"><b>herido, insano, preso de una adicci\u00f3n<\/b> <\/span>y volverlo a una <span style=\"color: #ff6600;\"><b>vida con prop\u00f3sito<\/b><\/span>, solo es posible en un \u00e1mbito de amor y relaciones sanas. <b><span style=\"color: #ff0000;\">En familia<\/span>.<\/b><\/p>\n<p>Nuestros espacios son:<\/p>\n<ul>\n<li aria-level=\"1\">Una casa de restauraci\u00f3n de adicciones de <span style=\"color: #ff6600;\"><b>mayores<\/b>.<\/span><\/li>\n<li aria-level=\"1\">Una casa de restauraci\u00f3n de adicciones de <span style=\"color: #ff6600;\"><b>adolescentes<\/b>.<\/span><b>\u00a0<\/b><\/li>\n<li aria-level=\"1\">Un hogar de <span style=\"color: #ff6600;\"><b>ni\u00f1as<\/b><\/span>.<\/li>\n<li aria-level=\"1\">\u00a0Una casa de restauraci\u00f3n de adicciones para <span style=\"color: #ff6600;\"><b>mujeres <\/b><\/span>(con hijos y embarazadas).<\/li>\n<\/ul>\n<p>Una casa de<span style=\"color: #ff0000;\"> <b>reinserci\u00f3n.<\/b><\/span><\/p>\n<p>Todas est\u00e1n en la ciudad de <b>Rosario<\/b>, Santa Fe, Argentina.[\/vc_column_text][vc_column_text css_animation=\u00bbbounceInLeft\u00bb el_class=\u00bbp { text-align : justify; }\u00bb]<\/p>\n<h3>Brindamos:<\/h3>\n<ul>\n<li aria-level=\"1\">Protecci\u00f3n, cuidado y restauraci\u00f3n de ni\u00f1as en situaci\u00f3n de <span style=\"color: #ff6600;\"><b>vulnerabilidad<\/b>.<\/span><\/li>\n<li aria-level=\"1\">Restauraci\u00f3n de <span style=\"color: #ff6600;\"><b>adicciones <\/b><\/span>en adolescentes, j\u00f3venes y adultos.<\/li>\n<li aria-level=\"1\"><span style=\"color: #ff6600;\"><b>Abordaje integral<\/b><\/span>, psicol\u00f3gico, psiqui\u00e1trico y espiritual.<\/li>\n<li aria-level=\"1\"><strong><span style=\"color: #ff6600;\">Espacios terap\u00e9uticos<\/span><\/strong>.<\/li>\n<li aria-level=\"1\">Educaci\u00f3n, capacitaci\u00f3n, oficios y recreaci\u00f3n.<\/li>\n<li aria-level=\"1\">Deportes, salud f\u00edsica, emocional y espiritual.<\/li>\n<li aria-level=\"1\"><span style=\"color: #ff6600;\"><b>Restauraci\u00f3n <\/b><\/span>familiar y reinserci\u00f3n social.<\/li>\n<\/ul>\n<ul>\n<li aria-level=\"1\">Actividades para cubrir todas las <span style=\"color: #ff6600;\"><b>\u00e1reas: espiritual, emocional y f\u00edsica<\/b><\/span>.<\/li>\n<li aria-level=\"1\">Educaci\u00f3n primaria, secundaria, socio-educativas, de oficios, talleres.<\/li>\n<li aria-level=\"1\">Vestimenta, alimentaci\u00f3n, hogar, salud, deporte, desarrollo de habilidades, entretenimiento y tiempo libre.<\/li>\n<li aria-level=\"1\">Sanidad del alma e identidad.<\/li>\n<li aria-level=\"1\">Restauraci\u00f3n de v\u00ednculos familiares y c\u00edrculo \u00edntimo.<\/li>\n<li aria-level=\"1\"><span style=\"color: #ff6600;\"><b>Restituci\u00f3n de proyecto de vida, esperanza y futuro<\/b><\/span>.<\/li>\n<\/ul>\n<p>[\/vc_column_text][\/vc_column][vc_column width=\u00bb1\/3&#8243;][vc_single_image image=\u00bb2599&#8243; img_size=\u00bbmedium\u00bb][vc_empty_space][vc_single_image image=\u00bb2684&#8243; img_size=\u00bbmedium\u00bb][vc_empty_space][vc_single_image image=\u00bb2719&#8243; img_size=\u00bbmedium\u00bb][\/vc_column][\/vc_row][vc_row][vc_column][vc_column_text el_class=\u00bbp { text-align : justify; }\u00bb]Entendemos que los dolores, traumas, heridas y cicatrices son consecuencias de relaciones con personas, entornos y situaciones dif\u00edciles de la vida. Muchas veces, para un coraz\u00f3n dolorido y necesitado, la adicci\u00f3n se presenta como una opci\u00f3n. Por eso, no solo se trata de una situaci\u00f3n social y familiar sino de una intensa b\u00fasqueda individual del amor en lugares equivocados.<\/p>\n<p>Creemos que la <span style=\"color: #ff6600;\"><b>sanidad <\/b><\/span>y <span style=\"color: #ff6600;\"><b>libertad <\/b><\/span>s\u00f3lo llega a trav\u00e9s de relacionarse sanamente con todos los aspectos de una vida, pasado, presente, futuro, relaciones y entorno.[\/vc_column_text][\/vc_column][\/vc_row]<\/p>\n<\/div>","protected":false},"excerpt":{"rendered":"<p>[vc_row][vc_column width=\u00bb2\/3&#8243;][vc_column_text css_animation=\u00bbbounceInLeft\u00bb el_class=\u00bbp { text-align : justify; }\u00bb]Somos una Fundaci\u00f3n ben\u00e9fica sin fines de lucro. Nuestra familia-hogar alberga ni\u00f1as, adolescentes y adultos que se encuentran en proceso de restauraci\u00f3n de adicciones o est\u00e1n transitando una situaci\u00f3n judicial. Nuestra misi\u00f3n es ayudarlos en su restauraci\u00f3n integral. En la casa de ni\u00f1as buscamos amparar y proteger&hellip;<\/p>\n","protected":false},"author":2,"featured_media":0,"parent":0,"menu_order":0,"comment_status":"closed","ping_status":"closed","template":"","meta":{"give_campaign_id":0,"_monsterinsights_skip_tracking":false,"_monsterinsights_sitenote_active":false,"_monsterinsights_sitenote_note":"","_monsterinsights_sitenote_category":0,"footnotes":""},"class_list":["post-2955","page","type-page","status-publish","hentry","description-off"],"campaignId":"","_links":{"self":[{"href":"https:\/\/fundacioncrea.com.ar\/bienvenido\/wp-json\/wp\/v2\/pages\/2955","targetHints":{"allow":["GET"]}}],"collection":[{"href":"https:\/\/fundacioncrea.com.ar\/bienvenido\/wp-json\/wp\/v2\/pages"}],"about":[{"href":"https:\/\/fundacioncrea.com.ar\/bienvenido\/wp-json\/wp\/v2\/types\/page"}],"author":[{"embeddable":true,"href":"https:\/\/fundacioncrea.com.ar\/bienvenido\/wp-json\/wp\/v2\/users\/2"}],"replies":[{"embeddable":true,"href":"https:\/\/fundacioncrea.com.ar\/bienvenido\/wp-json\/wp\/v2\/comments?post=2955"}],"version-history":[{"count":5,"href":"https:\/\/fundacioncrea.com.ar\/bienvenido\/wp-json\/wp\/v2\/pages\/2955\/revisions"}],"predecessor-version":[{"id":4932,"href":"https:\/\/fundacioncrea.com.ar\/bienvenido\/wp-json\/wp\/v2\/pages\/2955\/revisions\/4932"}],"wp:attachment":[{"href":"https:\/\/fundacioncrea.com.ar\/bienvenido\/wp-json\/wp\/v2\/media?parent=2955"}],"curies":[{"name":"wp","href":"https:\/\/api.w.org\/{rel}","templated":true}]}}