{"id":2817,"date":"2019-02-01T19:36:18","date_gmt":"2019-02-01T19:36:18","guid":{"rendered":"https:\/\/fundacioncrea.com.ar\/demo\/?page_id=2817"},"modified":"2021-04-18T16:32:11","modified_gmt":"2021-04-18T16:32:11","slug":"noticias","status":"publish","type":"page","link":"https:\/\/fundacioncrea.com.ar\/bienvenido\/noticias\/","title":{"rendered":"Vida"},"content":{"rendered":"<div class=\"wpb-content-wrapper\"><p>[vc_row][vc_column][\/vc_column][\/vc_row][vc_row][vc_column][vc_column_text]Al hablar de en una <span style=\"color: #ff0000;\"><strong>Nueva vida<\/strong><\/span>, lo primero que nos preguntan es&#8230;\u00bfQu\u00e9 hacemos con el <span style=\"color: #ff9900;\">pasado<\/span>?\u2026 \u00bfPodemos volver?&#8230;<\/p>\n<p>Claro que no, pero s\u00ed ser <strong>agentes de cambio<\/strong> para un <span style=\"color: #ff9900;\"><strong>futuro victorioso<\/strong><\/span> y de promesas. \u2063Ser parte de su <span style=\"color: #ffcc00;\"><strong>sanidad<\/strong><\/span> y <span style=\"color: #ffcc00;\"><strong>restauraci\u00f3n<\/strong><\/span>, que es tan real como el presente mismo. \u2063[\/vc_column_text][vc_row_inner][vc_column_inner][vc_column_text]Pero antes te contamos una historia para que puedas entender, de qu\u00e9 hablamos cuando hablamos de RESTAURACI\u00d3N.<\/p>\n<p>&nbsp;<\/p>\n<p style=\"padding-left: 40px;\"><em>Resulta que un carpintero construy\u00f3 una silla hermosa para su hija. Se esforz\u00f3 en cada detalle, y luego de mucho trabajo qued\u00f3 impresionantemente linda. \u2063<\/em><\/p>\n<p style=\"padding-left: 40px;\"><em>En el camino a casa, una pata se quebr\u00f3 y se ray\u00f3 su pintura. Al parecer la silla pod\u00eda usarse igual. Sin embargo, \u00e9l conoc\u00eda c\u00f3mo era antes de aquel accidente: ten\u00eda el dise\u00f1o original en mente. \u2063<\/em><\/p>\n<p style=\"padding-left: 40px;\"><em>Lleg\u00f3 a casa, y su ni\u00f1a se puso feliz de ver lo que pap\u00e1 hab\u00eda hecho. \u00c9l, tenaz, decidi\u00f3 repararla, restaurarla. Al d\u00eda siguiente la llev\u00f3 a su taller y luego de mucho trabajo y paciencia la volvi\u00f3 a la forma original, a su primer bosquejo. \u2063<\/em><\/p>\n<p>&nbsp;<\/p>\n<p>\u00bfPodr\u00eda haber funcionado la silla sin la restauraci\u00f3n? S\u00ed. Pero al retornar al dise\u00f1o original la plenitud belleza volvieron a ser como en el primer momento. \u2063\u2063[\/vc_column_text][vc_empty_space height=\u00bb50px\u00bb][vc_column_text]As\u00ed es la Restauraci\u00f3n de Dios. Nos devuelve la frescura, belleza, nobleza y plenitud con las que nos dise\u00f1\u00f3 para vivir desde el inicio\u00a0&#x1f525;[\/vc_column_text][vc_empty_space height=\u00bb50px\u00bb]<div id=\"ultimate-heading-269269f1cd0d3e348\" class=\"uvc-heading ult-adjust-bottom-margin ultimate-heading-269269f1cd0d3e348 uvc-8778  uvc-heading-default-font-sizes\" data-hspacer=\"no_spacer\"  data-halign=\"center\" style=\"text-align:center\"><div class=\"uvc-heading-spacer no_spacer\" style=\"top\"><\/div><div class=\"uvc-main-heading ult-responsive\"  data-ultimate-target='.uvc-heading.ultimate-heading-269269f1cd0d3e348 h2'  data-responsive-json-new='{\"font-size\":\"\",\"line-height\":\"\"}' ><h2 style=\"--font-weight:theme;\">\u00bbTE MOSTRAMOS ALGO, DE TAN GRANDES, MARAVILLOSAS TRANSFORMACIONES\u00bb<\/h2><\/div><\/div>[vc_empty_space height=\u00bb50px\u00bb][\/vc_column_inner][\/vc_row_inner][\/vc_column][\/vc_row][vc_row][vc_column width=\u00bb1\/3&#8243;][vc_video link=\u00bbhttps:\/\/youtu.be\/DCn1h5X0Eug\u00bb align=\u00bbcenter\u00bb][vc_empty_space height=\u00bb52px\u00bb][vc_video link=\u00bbhttps:\/\/youtu.be\/qttFb2PKOys\u00bb][\/vc_column][vc_column width=\u00bb1\/3&#8243;][vc_video link=\u00bbhttps:\/\/youtu.be\/D-iGM_Q_eig\u00bb css=\u00bb.vc_custom_1600293361766{margin-top: px !important;padding-bottom: px !important;}\u00bb][vc_empty_space height=\u00bb50px\u00bb][\/vc_column][vc_column width=\u00bb1\/3&#8243;][vc_video link=\u00bbhttps:\/\/youtu.be\/pYCLiOoeMU4&#8243; align=\u00bbcenter\u00bb css=\u00bb.vc_custom_1599680912486{margin-top: 0px !important;}\u00bb][vc_empty_space height=\u00bb52px\u00bb][\/vc_column][\/vc_row][vc_row][vc_column][vc_empty_space][\/vc_column][\/vc_row]<\/p>\n<\/div>","protected":false},"excerpt":{"rendered":"<p>[vc_row][vc_column][\/vc_column][\/vc_row][vc_row][vc_column][vc_column_text]Al hablar de en una Nueva vida, lo primero que nos preguntan es&#8230;\u00bfQu\u00e9 hacemos con el pasado?\u2026 \u00bfPodemos volver?&#8230; Claro que no, pero s\u00ed ser agentes de cambio para un futuro victorioso y de promesas. \u2063Ser parte de su sanidad y restauraci\u00f3n, que es tan real como el presente mismo. \u2063[\/vc_column_text][vc_row_inner][vc_column_inner][vc_column_text]Pero antes te contamos una&hellip;<\/p>\n","protected":false},"author":2,"featured_media":0,"parent":0,"menu_order":0,"comment_status":"closed","ping_status":"closed","template":"","meta":{"give_campaign_id":0,"_monsterinsights_skip_tracking":false,"_monsterinsights_sitenote_active":false,"_monsterinsights_sitenote_note":"","_monsterinsights_sitenote_category":0,"footnotes":""},"class_list":["post-2817","page","type-page","status-publish","hentry","description-off"],"campaignId":"","_links":{"self":[{"href":"https:\/\/fundacioncrea.com.ar\/bienvenido\/wp-json\/wp\/v2\/pages\/2817","targetHints":{"allow":["GET"]}}],"collection":[{"href":"https:\/\/fundacioncrea.com.ar\/bienvenido\/wp-json\/wp\/v2\/pages"}],"about":[{"href":"https:\/\/fundacioncrea.com.ar\/bienvenido\/wp-json\/wp\/v2\/types\/page"}],"author":[{"embeddable":true,"href":"https:\/\/fundacioncrea.com.ar\/bienvenido\/wp-json\/wp\/v2\/users\/2"}],"replies":[{"embeddable":true,"href":"https:\/\/fundacioncrea.com.ar\/bienvenido\/wp-json\/wp\/v2\/comments?post=2817"}],"version-history":[{"count":5,"href":"https:\/\/fundacioncrea.com.ar\/bienvenido\/wp-json\/wp\/v2\/pages\/2817\/revisions"}],"predecessor-version":[{"id":5047,"href":"https:\/\/fundacioncrea.com.ar\/bienvenido\/wp-json\/wp\/v2\/pages\/2817\/revisions\/5047"}],"wp:attachment":[{"href":"https:\/\/fundacioncrea.com.ar\/bienvenido\/wp-json\/wp\/v2\/media?parent=2817"}],"curies":[{"name":"wp","href":"https:\/\/api.w.org\/{rel}","templated":true}]}}