{"id":16,"date":"2019-01-26T22:57:26","date_gmt":"2019-01-26T22:57:26","guid":{"rendered":"https:\/\/fundacioncrea.com.ar\/demo\/?page_id=16"},"modified":"2021-04-18T15:51:58","modified_gmt":"2021-04-18T15:51:58","slug":"como-ayudar","status":"publish","type":"page","link":"https:\/\/fundacioncrea.com.ar\/bienvenido\/como-ayudar\/","title":{"rendered":"CASA RESTAURACI\u00d3N MAYORES"},"content":{"rendered":"<div class=\"wpb-content-wrapper\"><p>[vc_row][vc_column][vc_single_image image=\u00bb3827&#8243; img_size=\u00bblarge\u00bb][\/vc_column][vc_column][vc_empty_space][\/vc_column][\/vc_row][vc_row][vc_column][vc_column_text]<span style=\"font-weight: 400;\">Viven 24\/7 <strong><span style=\"color: #ffcc00;\">hombres<\/span> <\/strong>que necesitan ser restaurados de <strong><span style=\"color: #ff6600;\">adicciones<\/span> <\/strong>y reinsertados socialmente. Cada uno que ingresa lo hace con una historia que lo trasciende y lo determina, vinculada a la de los adultos que participaron en su historia, como as\u00ed tambi\u00e9n situaciones vividas, carencia de contenci\u00f3n, hogar, familias sanas, viendo cosas muy dif\u00edciles y tristes.. En un contexto de gravedad que tiene componentes multidimensionales, en tanto a derechos vulnerados, como a la dificultad de entender lo imprescindible de su participaci\u00f3n para la restauraci\u00f3n de su vida, problemas de seguridad dada la exposici\u00f3n que habilita el consumo en tanto su ilegalidad. Rupturas y abandonos familiares, entre otros.<\/span>[\/vc_column_text][vc_empty_space][vc_single_image image=\u00bb3900&#8243; img_size=\u00bbmedium\u00bb alignment=\u00bbcenter\u00bb style=\u00bbvc_box_shadow_3d\u00bb onclick=\u00bbcustom_link\u00bb css_animation=\u00bbbounceInLeft\u00bb link=\u00bbhhttps:\/\/fundacioncrea.com.ar\/bienvenido\/area-de-admision-y-secretaria\u00bb][vc_empty_space][\/vc_column][\/vc_row][vc_row][vc_column][vc_empty_space][vc_video link=\u00bbhttps:\/\/youtu.be\/0n0REEbgnLo\u00bb][vc_empty_space height=\u00bb82px\u00bb][\/vc_column][\/vc_row][vc_row][vc_column]<style type=\"text\/css\" data-type=\"the7_shortcodes-inline-css\">.gallery-shortcode.gallery-masonry-shortcode-id-727128d2c418316fccf04ea2c17dde81 figure,\n.gallery-shortcode.gallery-masonry-shortcode-id-727128d2c418316fccf04ea2c17dde81 .rollover,\n.gallery-shortcode.gallery-masonry-shortcode-id-727128d2c418316fccf04ea2c17dde81 img,\n.gallery-shortcode.gallery-masonry-shortcode-id-727128d2c418316fccf04ea2c17dde81 .gallery-rollover {\n  border-radius: 0px;\n}\n.gallery-shortcode.gallery-masonry-shortcode-id-727128d2c418316fccf04ea2c17dde81.enable-bg-rollover .gallery-rollover {\n  background: -webkit-linear-gradient();\n  background: linear-gradient();\n}\n.gallery-shortcode.gallery-masonry-shortcode-id-727128d2c418316fccf04ea2c17dde81.enable-bg-rollover.hover-scale figure .rollover:after {\n  background: -webkit-linear-gradient();\n  background: linear-gradient();\n}\n.gallery-shortcode.gallery-masonry-shortcode-id-727128d2c418316fccf04ea2c17dde81 .gallery-zoom-ico {\n  width: 44px;\n  height: 44px;\n  line-height: 44px;\n  border-radius: 100px;\n  margin: -22px 0 0 -22px;\n  border-width: 0px;\n  color: #ffffff;\n}\n.dt-icon-bg-on.gallery-shortcode.gallery-masonry-shortcode-id-727128d2c418316fccf04ea2c17dde81 .gallery-zoom-ico {\n  background: rgba(255,255,255,0.3);\n  box-shadow: none;\n}\n.gallery-shortcode.gallery-masonry-shortcode-id-727128d2c418316fccf04ea2c17dde81 .gallery-zoom-ico:before,\n.gallery-shortcode.gallery-masonry-shortcode-id-727128d2c418316fccf04ea2c17dde81 .gallery-zoom-ico span {\n  font-size: 32px;\n  line-height: 44px;\n  color: #ffffff;\n}\n.gallery-shortcode.gallery-masonry-shortcode-id-727128d2c418316fccf04ea2c17dde81:not(.resize-by-browser-width) .dt-css-grid {\n  grid-row-gap: 10px;\n  grid-column-gap: 10px;\n  grid-template-columns: repeat(auto-fill,minmax(,1fr));\n}\n.gallery-shortcode.gallery-masonry-shortcode-id-727128d2c418316fccf04ea2c17dde81:not(.resize-by-browser-width) .dt-css-grid .double-width {\n  grid-column: span 2;\n}\n.cssgridlegacy.no-cssgrid .gallery-shortcode.gallery-masonry-shortcode-id-727128d2c418316fccf04ea2c17dde81:not(.resize-by-browser-width) .dt-css-grid,\n.no-cssgridlegacy.no-cssgrid .gallery-shortcode.gallery-masonry-shortcode-id-727128d2c418316fccf04ea2c17dde81:not(.resize-by-browser-width) .dt-css-grid {\n  display: flex;\n  flex-flow: row wrap;\n  margin: -5px;\n}\n.cssgridlegacy.no-cssgrid .gallery-shortcode.gallery-masonry-shortcode-id-727128d2c418316fccf04ea2c17dde81:not(.resize-by-browser-width) .dt-css-grid .wf-cell,\n.no-cssgridlegacy.no-cssgrid .gallery-shortcode.gallery-masonry-shortcode-id-727128d2c418316fccf04ea2c17dde81:not(.resize-by-browser-width) .dt-css-grid .wf-cell {\n  flex: 1 0 ;\n  max-width: 100%;\n  padding: 5px;\n  box-sizing: border-box;\n}\n.gallery-shortcode.gallery-masonry-shortcode-id-727128d2c418316fccf04ea2c17dde81.resize-by-browser-width .dt-css-grid {\n  grid-template-columns: repeat(6,1fr);\n  grid-template-rows: auto;\n  grid-column-gap: 10px;\n  grid-row-gap: 10px;\n}\n.gallery-shortcode.gallery-masonry-shortcode-id-727128d2c418316fccf04ea2c17dde81.resize-by-browser-width .dt-css-grid .double-width {\n  grid-column: span 2;\n}\n.cssgridlegacy.no-cssgrid .gallery-shortcode.gallery-masonry-shortcode-id-727128d2c418316fccf04ea2c17dde81.resize-by-browser-width .dt-css-grid {\n  margin: -5px;\n}\n.cssgridlegacy.no-cssgrid .gallery-shortcode.gallery-masonry-shortcode-id-727128d2c418316fccf04ea2c17dde81.resize-by-browser-width .dt-css-grid .wf-cell {\n  width: 16.666666666667%;\n  padding: 5px;\n}\n.cssgridlegacy.no-cssgrid .gallery-shortcode.gallery-masonry-shortcode-id-727128d2c418316fccf04ea2c17dde81.resize-by-browser-width .dt-css-grid .wf-cell.double-width {\n  width: calc(16.666666666667%) * 2;\n}\n.gallery-shortcode.gallery-masonry-shortcode-id-727128d2c418316fccf04ea2c17dde81.resize-by-browser-width:not(.centered-layout-list):not(.content-bg-on) .dt-css-grid {\n  grid-row-gap: 10px - ;\n}\n@media screen and (max-width: 1199px) {\n  .gallery-shortcode.gallery-masonry-shortcode-id-727128d2c418316fccf04ea2c17dde81.resize-by-browser-width .dt-css-grid {\n    grid-template-columns: repeat(4,1fr);\n  }\n  .cssgridlegacy.no-cssgrid .gallery-shortcode.gallery-masonry-shortcode-id-727128d2c418316fccf04ea2c17dde81.resize-by-browser-width .dt-css-grid .wf-cell,\n  .no-cssgridlegacy.no-cssgrid .gallery-shortcode.gallery-masonry-shortcode-id-727128d2c418316fccf04ea2c17dde81.resize-by-browser-width .dt-css-grid .wf-cell {\n    width: 25%;\n  }\n  .cssgridlegacy.no-cssgrid .gallery-shortcode.gallery-masonry-shortcode-id-727128d2c418316fccf04ea2c17dde81.resize-by-browser-width .dt-css-grid .wf-cell.double-width,\n  .no-cssgridlegacy.no-cssgrid .gallery-shortcode.gallery-masonry-shortcode-id-727128d2c418316fccf04ea2c17dde81.resize-by-browser-width .dt-css-grid .wf-cell.double-width {\n    width: calc(25%)*2;\n  }\n}\n@media screen and (max-width: 991px) {\n  .gallery-shortcode.gallery-masonry-shortcode-id-727128d2c418316fccf04ea2c17dde81.resize-by-browser-width .dt-css-grid {\n    grid-template-columns: repeat(3,1fr);\n  }\n  .cssgridlegacy.no-cssgrid .gallery-shortcode.gallery-masonry-shortcode-id-727128d2c418316fccf04ea2c17dde81.resize-by-browser-width .dt-css-grid .wf-cell,\n  .no-cssgridlegacy.no-cssgrid .gallery-shortcode.gallery-masonry-shortcode-id-727128d2c418316fccf04ea2c17dde81.resize-by-browser-width .dt-css-grid .wf-cell {\n    width: 33.333333333333%;\n  }\n  .cssgridlegacy.no-cssgrid .gallery-shortcode.gallery-masonry-shortcode-id-727128d2c418316fccf04ea2c17dde81.resize-by-browser-width .dt-css-grid .wf-cell.double-width,\n  .no-cssgridlegacy.no-cssgrid .gallery-shortcode.gallery-masonry-shortcode-id-727128d2c418316fccf04ea2c17dde81.resize-by-browser-width .dt-css-grid .wf-cell.double-width {\n    width: calc(33.333333333333%)*2;\n  }\n}\n@media screen and (max-width: 767px) {\n  .gallery-shortcode.gallery-masonry-shortcode-id-727128d2c418316fccf04ea2c17dde81.resize-by-browser-width .dt-css-grid {\n    grid-template-columns: repeat(2,1fr);\n  }\n  .cssgridlegacy.no-cssgrid .gallery-shortcode.gallery-masonry-shortcode-id-727128d2c418316fccf04ea2c17dde81.resize-by-browser-width .dt-css-grid .wf-cell,\n  .no-cssgridlegacy.no-cssgrid .gallery-shortcode.gallery-masonry-shortcode-id-727128d2c418316fccf04ea2c17dde81.resize-by-browser-width .dt-css-grid .wf-cell {\n    width: 50%;\n  }\n  .cssgridlegacy.no-cssgrid .gallery-shortcode.gallery-masonry-shortcode-id-727128d2c418316fccf04ea2c17dde81.resize-by-browser-width .dt-css-grid .wf-cell.double-width,\n  .no-cssgridlegacy.no-cssgrid .gallery-shortcode.gallery-masonry-shortcode-id-727128d2c418316fccf04ea2c17dde81.resize-by-browser-width .dt-css-grid .wf-cell.double-width {\n    width: calc(50%)*2;\n  }\n}\n<\/style><div class=\"gallery-shortcode dt-gallery-container gallery-masonry-shortcode-id-727128d2c418316fccf04ea2c17dde81 mode-masonry jquery-filter dt-icon-bg-off quick-scale-img enable-bg-rollover resize-by-browser-width  hover-fade loading-effect-none description-on-hover\" data-padding=\"5px\" data-cur-page=\"1\" data-post-limit=\"-1\" data-pagination-mode=\"none\" data-desktop-columns-num=\"6\" data-v-tablet-columns-num=\"3\" data-h-tablet-columns-num=\"4\" data-phone-columns-num=\"2\" data-width=\"0px\" data-columns=\"0\"><div class=\"iso-container\" ><div class=\"wf-cell iso-item\" data-post-id=\"3383\" data-date=\"2020-05-29T17:01:27+00:00\" data-name=\"IMG_8656\"><figure class=\"post visible\"><a href=\"https:\/\/fundacioncrea.com.ar\/bienvenido\/wp-content\/uploads\/2020\/05\/IMG_8656.jpg\" class=\"rollover dt-pswp-item layzr-bg\" data-large_image_width=\"1280\" data-large_image_height=\"960\" data-dt-img-description=\"\" title=\"IMG_8656\"><img fetchpriority=\"high\" decoding=\"async\" class=\"preload-me iso-lazy-load aspect\" src=\"data:image\/svg+xml,%3Csvg%20xmlns%3D&#39;http%3A%2F%2Fwww.w3.org%2F2000%2Fsvg&#39;%20viewBox%3D&#39;0%200%20379%20284&#39;%2F%3E\" data-src=\"https:\/\/fundacioncrea.com.ar\/bienvenido\/wp-content\/uploads\/2020\/05\/IMG_8656-379x284.jpg\" data-srcset=\"https:\/\/fundacioncrea.com.ar\/bienvenido\/wp-content\/uploads\/2020\/05\/IMG_8656-379x284.jpg 379w, https:\/\/fundacioncrea.com.ar\/bienvenido\/wp-content\/uploads\/2020\/05\/IMG_8656-569x426.jpg 569w\" loading=\"eager\" style=\"--ratio: 379 \/ 284\" sizes=\"(max-width: 379px) 100vw, 379px\" alt=\"\" width=\"379\" height=\"284\"  \/><span class=\"gallery-rollover\"><span class=\"gallery-zoom-ico icomoon-the7-font-the7-zoom-06\"><span><\/span><\/span><\/span><\/a><\/figure><\/div><div class=\"wf-cell iso-item\" data-post-id=\"3382\" data-date=\"2020-05-29T17:01:25+00:00\" data-name=\"IMG_8655\"><figure class=\"post visible\"><a href=\"https:\/\/fundacioncrea.com.ar\/bienvenido\/wp-content\/uploads\/2020\/05\/IMG_8655.jpg\" class=\"rollover dt-pswp-item layzr-bg\" data-large_image_width=\"1280\" data-large_image_height=\"960\" data-dt-img-description=\"\" title=\"IMG_8655\"><img decoding=\"async\" class=\"preload-me iso-lazy-load aspect\" src=\"data:image\/svg+xml,%3Csvg%20xmlns%3D&#39;http%3A%2F%2Fwww.w3.org%2F2000%2Fsvg&#39;%20viewBox%3D&#39;0%200%20379%20284&#39;%2F%3E\" data-src=\"https:\/\/fundacioncrea.com.ar\/bienvenido\/wp-content\/uploads\/2020\/05\/IMG_8655-379x284.jpg\" data-srcset=\"https:\/\/fundacioncrea.com.ar\/bienvenido\/wp-content\/uploads\/2020\/05\/IMG_8655-379x284.jpg 379w, https:\/\/fundacioncrea.com.ar\/bienvenido\/wp-content\/uploads\/2020\/05\/IMG_8655-569x426.jpg 569w\" loading=\"eager\" style=\"--ratio: 379 \/ 284\" sizes=\"(max-width: 379px) 100vw, 379px\" alt=\"\" width=\"379\" height=\"284\"  \/><span class=\"gallery-rollover\"><span class=\"gallery-zoom-ico icomoon-the7-font-the7-zoom-06\"><span><\/span><\/span><\/span><\/a><\/figure><\/div><div class=\"wf-cell iso-item\" data-post-id=\"3381\" data-date=\"2020-05-29T17:01:24+00:00\" data-name=\"ded02755-0dc3-411c-a3d7-ca1acdf8f367\"><figure class=\"post visible\"><a href=\"https:\/\/fundacioncrea.com.ar\/bienvenido\/wp-content\/uploads\/2020\/05\/ded02755-0dc3-411c-a3d7-ca1acdf8f367.jpg\" class=\"rollover dt-pswp-item layzr-bg\" data-large_image_width=\"1280\" data-large_image_height=\"960\" data-dt-img-description=\"\" title=\"ded02755-0dc3-411c-a3d7-ca1acdf8f367\"><img decoding=\"async\" class=\"preload-me iso-lazy-load aspect\" src=\"data:image\/svg+xml,%3Csvg%20xmlns%3D&#39;http%3A%2F%2Fwww.w3.org%2F2000%2Fsvg&#39;%20viewBox%3D&#39;0%200%20379%20284&#39;%2F%3E\" data-src=\"https:\/\/fundacioncrea.com.ar\/bienvenido\/wp-content\/uploads\/2020\/05\/ded02755-0dc3-411c-a3d7-ca1acdf8f367-379x284.jpg\" data-srcset=\"https:\/\/fundacioncrea.com.ar\/bienvenido\/wp-content\/uploads\/2020\/05\/ded02755-0dc3-411c-a3d7-ca1acdf8f367-379x284.jpg 379w, https:\/\/fundacioncrea.com.ar\/bienvenido\/wp-content\/uploads\/2020\/05\/ded02755-0dc3-411c-a3d7-ca1acdf8f367-569x426.jpg 569w\" loading=\"eager\" style=\"--ratio: 379 \/ 284\" sizes=\"(max-width: 379px) 100vw, 379px\" alt=\"\" width=\"379\" height=\"284\"  \/><span class=\"gallery-rollover\"><span class=\"gallery-zoom-ico icomoon-the7-font-the7-zoom-06\"><span><\/span><\/span><\/span><\/a><\/figure><\/div><div class=\"wf-cell iso-item\" data-post-id=\"3380\" data-date=\"2020-05-29T17:01:22+00:00\" data-name=\"239f0868-787d-409a-9bee-74a4463d2a65\"><figure class=\"post visible\"><a href=\"https:\/\/fundacioncrea.com.ar\/bienvenido\/wp-content\/uploads\/2020\/05\/239f0868-787d-409a-9bee-74a4463d2a65.jpg\" class=\"rollover dt-pswp-item layzr-bg\" data-large_image_width=\"1280\" data-large_image_height=\"960\" data-dt-img-description=\"\" title=\"239f0868-787d-409a-9bee-74a4463d2a65\"><img decoding=\"async\" class=\"preload-me iso-lazy-load aspect\" src=\"data:image\/svg+xml,%3Csvg%20xmlns%3D&#39;http%3A%2F%2Fwww.w3.org%2F2000%2Fsvg&#39;%20viewBox%3D&#39;0%200%20379%20284&#39;%2F%3E\" data-src=\"https:\/\/fundacioncrea.com.ar\/bienvenido\/wp-content\/uploads\/2020\/05\/239f0868-787d-409a-9bee-74a4463d2a65-379x284.jpg\" data-srcset=\"https:\/\/fundacioncrea.com.ar\/bienvenido\/wp-content\/uploads\/2020\/05\/239f0868-787d-409a-9bee-74a4463d2a65-379x284.jpg 379w, https:\/\/fundacioncrea.com.ar\/bienvenido\/wp-content\/uploads\/2020\/05\/239f0868-787d-409a-9bee-74a4463d2a65-569x426.jpg 569w\" loading=\"eager\" style=\"--ratio: 379 \/ 284\" sizes=\"(max-width: 379px) 100vw, 379px\" alt=\"\" width=\"379\" height=\"284\"  \/><span class=\"gallery-rollover\"><span class=\"gallery-zoom-ico icomoon-the7-font-the7-zoom-06\"><span><\/span><\/span><\/span><\/a><\/figure><\/div><div class=\"wf-cell iso-item\" data-post-id=\"3379\" data-date=\"2020-05-29T17:01:21+00:00\" data-name=\"49ca417f-6c53-4a03-a153-4b45498d242c\"><figure class=\"post visible\"><a href=\"https:\/\/fundacioncrea.com.ar\/bienvenido\/wp-content\/uploads\/2020\/05\/49ca417f-6c53-4a03-a153-4b45498d242c.jpg\" class=\"rollover dt-pswp-item layzr-bg\" data-large_image_width=\"1280\" data-large_image_height=\"720\" data-dt-img-description=\"\" title=\"49ca417f-6c53-4a03-a153-4b45498d242c\"><img decoding=\"async\" class=\"preload-me iso-lazy-load aspect\" src=\"data:image\/svg+xml,%3Csvg%20xmlns%3D&#39;http%3A%2F%2Fwww.w3.org%2F2000%2Fsvg&#39;%20viewBox%3D&#39;0%200%20379%20213&#39;%2F%3E\" data-src=\"https:\/\/fundacioncrea.com.ar\/bienvenido\/wp-content\/uploads\/2020\/05\/49ca417f-6c53-4a03-a153-4b45498d242c-379x213.jpg\" data-srcset=\"https:\/\/fundacioncrea.com.ar\/bienvenido\/wp-content\/uploads\/2020\/05\/49ca417f-6c53-4a03-a153-4b45498d242c-379x213.jpg 379w, https:\/\/fundacioncrea.com.ar\/bienvenido\/wp-content\/uploads\/2020\/05\/49ca417f-6c53-4a03-a153-4b45498d242c-569x320.jpg 569w\" loading=\"eager\" style=\"--ratio: 379 \/ 213\" sizes=\"(max-width: 379px) 100vw, 379px\" alt=\"\" width=\"379\" height=\"213\"  \/><span class=\"gallery-rollover\"><span class=\"gallery-zoom-ico icomoon-the7-font-the7-zoom-06\"><span><\/span><\/span><\/span><\/a><\/figure><\/div><div class=\"wf-cell iso-item\" data-post-id=\"3378\" data-date=\"2020-05-29T17:01:19+00:00\" data-name=\"8e9980ec-bbf4-4d45-9b47-a5f289b08139\"><figure class=\"post visible\"><a href=\"https:\/\/fundacioncrea.com.ar\/bienvenido\/wp-content\/uploads\/2020\/05\/8e9980ec-bbf4-4d45-9b47-a5f289b08139.jpg\" class=\"rollover dt-pswp-item layzr-bg\" data-large_image_width=\"1280\" data-large_image_height=\"1280\" data-dt-img-description=\"\" title=\"8e9980ec-bbf4-4d45-9b47-a5f289b08139\"><img decoding=\"async\" class=\"preload-me iso-lazy-load aspect\" src=\"data:image\/svg+xml,%3Csvg%20xmlns%3D&#39;http%3A%2F%2Fwww.w3.org%2F2000%2Fsvg&#39;%20viewBox%3D&#39;0%200%20379%20379&#39;%2F%3E\" data-src=\"https:\/\/fundacioncrea.com.ar\/bienvenido\/wp-content\/uploads\/2020\/05\/8e9980ec-bbf4-4d45-9b47-a5f289b08139-379x379.jpg\" data-srcset=\"https:\/\/fundacioncrea.com.ar\/bienvenido\/wp-content\/uploads\/2020\/05\/8e9980ec-bbf4-4d45-9b47-a5f289b08139-379x379.jpg 379w, https:\/\/fundacioncrea.com.ar\/bienvenido\/wp-content\/uploads\/2020\/05\/8e9980ec-bbf4-4d45-9b47-a5f289b08139-569x569.jpg 569w\" loading=\"eager\" style=\"--ratio: 379 \/ 379\" sizes=\"(max-width: 379px) 100vw, 379px\" alt=\"\" width=\"379\" height=\"379\"  \/><span class=\"gallery-rollover\"><span class=\"gallery-zoom-ico icomoon-the7-font-the7-zoom-06\"><span><\/span><\/span><\/span><\/a><\/figure><\/div><div class=\"wf-cell iso-item\" data-post-id=\"3377\" data-date=\"2020-05-29T17:01:17+00:00\" data-name=\"8d0b47c6-cf30-4323-b537-8fb4204dc0da\"><figure class=\"post visible\"><a href=\"https:\/\/fundacioncrea.com.ar\/bienvenido\/wp-content\/uploads\/2020\/05\/8d0b47c6-cf30-4323-b537-8fb4204dc0da.jpg\" class=\"rollover dt-pswp-item layzr-bg\" data-large_image_width=\"1220\" data-large_image_height=\"1280\" data-dt-img-description=\"\" title=\"8d0b47c6-cf30-4323-b537-8fb4204dc0da\"><img decoding=\"async\" class=\"preload-me iso-lazy-load aspect\" src=\"data:image\/svg+xml,%3Csvg%20xmlns%3D&#39;http%3A%2F%2Fwww.w3.org%2F2000%2Fsvg&#39;%20viewBox%3D&#39;0%200%20379%20398&#39;%2F%3E\" data-src=\"https:\/\/fundacioncrea.com.ar\/bienvenido\/wp-content\/uploads\/2020\/05\/8d0b47c6-cf30-4323-b537-8fb4204dc0da-379x398.jpg\" data-srcset=\"https:\/\/fundacioncrea.com.ar\/bienvenido\/wp-content\/uploads\/2020\/05\/8d0b47c6-cf30-4323-b537-8fb4204dc0da-379x398.jpg 379w, https:\/\/fundacioncrea.com.ar\/bienvenido\/wp-content\/uploads\/2020\/05\/8d0b47c6-cf30-4323-b537-8fb4204dc0da-569x597.jpg 569w\" loading=\"eager\" style=\"--ratio: 379 \/ 398\" sizes=\"(max-width: 379px) 100vw, 379px\" alt=\"\" width=\"379\" height=\"398\"  \/><span class=\"gallery-rollover\"><span class=\"gallery-zoom-ico icomoon-the7-font-the7-zoom-06\"><span><\/span><\/span><\/span><\/a><\/figure><\/div><div class=\"wf-cell iso-item\" data-post-id=\"3376\" data-date=\"2020-05-29T17:01:16+00:00\" data-name=\"08ca0382-0769-4417-ac2b-18a0e3c85f6e\"><figure class=\"post visible\"><a href=\"https:\/\/fundacioncrea.com.ar\/bienvenido\/wp-content\/uploads\/2020\/05\/08ca0382-0769-4417-ac2b-18a0e3c85f6e.jpg\" class=\"rollover dt-pswp-item layzr-bg\" data-large_image_width=\"720\" data-large_image_height=\"1280\" data-dt-img-description=\"\" title=\"08ca0382-0769-4417-ac2b-18a0e3c85f6e\"><img decoding=\"async\" class=\"preload-me iso-lazy-load aspect\" src=\"data:image\/svg+xml,%3Csvg%20xmlns%3D&#39;http%3A%2F%2Fwww.w3.org%2F2000%2Fsvg&#39;%20viewBox%3D&#39;0%200%20379%20674&#39;%2F%3E\" data-src=\"https:\/\/fundacioncrea.com.ar\/bienvenido\/wp-content\/uploads\/2020\/05\/08ca0382-0769-4417-ac2b-18a0e3c85f6e-379x674.jpg\" data-srcset=\"https:\/\/fundacioncrea.com.ar\/bienvenido\/wp-content\/uploads\/2020\/05\/08ca0382-0769-4417-ac2b-18a0e3c85f6e-379x674.jpg 379w, https:\/\/fundacioncrea.com.ar\/bienvenido\/wp-content\/uploads\/2020\/05\/08ca0382-0769-4417-ac2b-18a0e3c85f6e-569x1011.jpg 569w\" loading=\"eager\" style=\"--ratio: 379 \/ 674\" sizes=\"(max-width: 379px) 100vw, 379px\" alt=\"\" width=\"379\" height=\"674\"  \/><span class=\"gallery-rollover\"><span class=\"gallery-zoom-ico icomoon-the7-font-the7-zoom-06\"><span><\/span><\/span><\/span><\/a><\/figure><\/div><div class=\"wf-cell iso-item\" data-post-id=\"3375\" data-date=\"2020-05-29T17:01:14+00:00\" data-name=\"7ef585be-7c82-4aed-a4b7-51a832f80ad6\"><figure class=\"post visible\"><a href=\"https:\/\/fundacioncrea.com.ar\/bienvenido\/wp-content\/uploads\/2020\/05\/7ef585be-7c82-4aed-a4b7-51a832f80ad6.jpg\" class=\"rollover dt-pswp-item layzr-bg\" data-large_image_width=\"1280\" data-large_image_height=\"1280\" data-dt-img-description=\"\" title=\"7ef585be-7c82-4aed-a4b7-51a832f80ad6\"><img decoding=\"async\" class=\"preload-me iso-lazy-load aspect\" src=\"data:image\/svg+xml,%3Csvg%20xmlns%3D&#39;http%3A%2F%2Fwww.w3.org%2F2000%2Fsvg&#39;%20viewBox%3D&#39;0%200%20379%20379&#39;%2F%3E\" data-src=\"https:\/\/fundacioncrea.com.ar\/bienvenido\/wp-content\/uploads\/2020\/05\/7ef585be-7c82-4aed-a4b7-51a832f80ad6-379x379.jpg\" data-srcset=\"https:\/\/fundacioncrea.com.ar\/bienvenido\/wp-content\/uploads\/2020\/05\/7ef585be-7c82-4aed-a4b7-51a832f80ad6-379x379.jpg 379w, https:\/\/fundacioncrea.com.ar\/bienvenido\/wp-content\/uploads\/2020\/05\/7ef585be-7c82-4aed-a4b7-51a832f80ad6-569x569.jpg 569w\" loading=\"eager\" style=\"--ratio: 379 \/ 379\" sizes=\"(max-width: 379px) 100vw, 379px\" alt=\"\" width=\"379\" height=\"379\"  \/><span class=\"gallery-rollover\"><span class=\"gallery-zoom-ico icomoon-the7-font-the7-zoom-06\"><span><\/span><\/span><\/span><\/a><\/figure><\/div><div class=\"wf-cell iso-item\" data-post-id=\"3374\" data-date=\"2020-05-29T17:01:13+00:00\" data-name=\"7b6766f8-2d26-478f-b3ad-50fbf6bb1100\"><figure class=\"post visible\"><a href=\"https:\/\/fundacioncrea.com.ar\/bienvenido\/wp-content\/uploads\/2020\/05\/7b6766f8-2d26-478f-b3ad-50fbf6bb1100.jpg\" class=\"rollover dt-pswp-item layzr-bg\" data-large_image_width=\"1280\" data-large_image_height=\"960\" data-dt-img-description=\"\" title=\"7b6766f8-2d26-478f-b3ad-50fbf6bb1100\"><img decoding=\"async\" class=\"preload-me iso-lazy-load aspect\" src=\"data:image\/svg+xml,%3Csvg%20xmlns%3D&#39;http%3A%2F%2Fwww.w3.org%2F2000%2Fsvg&#39;%20viewBox%3D&#39;0%200%20379%20284&#39;%2F%3E\" data-src=\"https:\/\/fundacioncrea.com.ar\/bienvenido\/wp-content\/uploads\/2020\/05\/7b6766f8-2d26-478f-b3ad-50fbf6bb1100-379x284.jpg\" data-srcset=\"https:\/\/fundacioncrea.com.ar\/bienvenido\/wp-content\/uploads\/2020\/05\/7b6766f8-2d26-478f-b3ad-50fbf6bb1100-379x284.jpg 379w, https:\/\/fundacioncrea.com.ar\/bienvenido\/wp-content\/uploads\/2020\/05\/7b6766f8-2d26-478f-b3ad-50fbf6bb1100-569x426.jpg 569w\" loading=\"eager\" style=\"--ratio: 379 \/ 284\" sizes=\"(max-width: 379px) 100vw, 379px\" alt=\"\" width=\"379\" height=\"284\"  \/><span class=\"gallery-rollover\"><span class=\"gallery-zoom-ico icomoon-the7-font-the7-zoom-06\"><span><\/span><\/span><\/span><\/a><\/figure><\/div><\/div><!-- iso-container|iso-grid --><\/div>[\/vc_column][\/vc_row][vc_row][vc_column][\/vc_column][\/vc_row]<\/p>\n<\/div>","protected":false},"excerpt":{"rendered":"<p>[vc_row][vc_column][vc_single_image image=\u00bb3827&#8243; img_size=\u00bblarge\u00bb][\/vc_column][vc_column][vc_empty_space][\/vc_column][\/vc_row][vc_row][vc_column][vc_column_text]Viven 24\/7 hombres que necesitan ser restaurados de adicciones y reinsertados socialmente. Cada uno que ingresa lo hace con una historia que lo trasciende y lo determina, vinculada a la de los adultos que participaron en su historia, como as\u00ed tambi\u00e9n situaciones vividas, carencia de contenci\u00f3n, hogar, familias sanas, viendo cosas muy dif\u00edciles&hellip;<\/p>\n","protected":false},"author":2,"featured_media":0,"parent":0,"menu_order":0,"comment_status":"closed","ping_status":"closed","template":"","meta":{"give_campaign_id":0,"_monsterinsights_skip_tracking":false,"_monsterinsights_sitenote_active":false,"_monsterinsights_sitenote_note":"","_monsterinsights_sitenote_category":0,"footnotes":""},"class_list":["post-16","page","type-page","status-publish","hentry","description-off"],"campaignId":"","_links":{"self":[{"href":"https:\/\/fundacioncrea.com.ar\/bienvenido\/wp-json\/wp\/v2\/pages\/16","targetHints":{"allow":["GET"]}}],"collection":[{"href":"https:\/\/fundacioncrea.com.ar\/bienvenido\/wp-json\/wp\/v2\/pages"}],"about":[{"href":"https:\/\/fundacioncrea.com.ar\/bienvenido\/wp-json\/wp\/v2\/types\/page"}],"author":[{"embeddable":true,"href":"https:\/\/fundacioncrea.com.ar\/bienvenido\/wp-json\/wp\/v2\/users\/2"}],"replies":[{"embeddable":true,"href":"https:\/\/fundacioncrea.com.ar\/bienvenido\/wp-json\/wp\/v2\/comments?post=16"}],"version-history":[{"count":5,"href":"https:\/\/fundacioncrea.com.ar\/bienvenido\/wp-json\/wp\/v2\/pages\/16\/revisions"}],"predecessor-version":[{"id":4951,"href":"https:\/\/fundacioncrea.com.ar\/bienvenido\/wp-json\/wp\/v2\/pages\/16\/revisions\/4951"}],"wp:attachment":[{"href":"https:\/\/fundacioncrea.com.ar\/bienvenido\/wp-json\/wp\/v2\/media?parent=16"}],"curies":[{"name":"wp","href":"https:\/\/api.w.org\/{rel}","templated":true}]}}